{"id":983,"date":"2020-09-01T18:44:29","date_gmt":"2020-09-01T16:44:29","guid":{"rendered":"http:\/\/desmotspourtoutdire.com\/?page_id=983"},"modified":"2020-10-12T19:23:43","modified_gmt":"2020-10-12T17:23:43","slug":"entreprises","status":"publish","type":"page","link":"https:\/\/desmotspourtoutdire.com\/index.php\/entreprises\/","title":{"rendered":"Entreprises"},"content":{"rendered":"\t\t<div data-elementor-type=\"wp-page\" data-elementor-id=\"983\" class=\"elementor elementor-983\">\n\t\t\t\t\t\t<section class=\"elementor-section elementor-top-section elementor-element elementor-element-89b53e1 elementor-section-boxed elementor-section-height-default elementor-section-height-default\" data-id=\"89b53e1\" data-element_type=\"section\" data-e-type=\"section\">\n\t\t\t\t\t\t<div class=\"elementor-container elementor-column-gap-default\">\n\t\t\t\t\t<div class=\"elementor-column elementor-col-100 elementor-top-column elementor-element elementor-element-ee738d4\" data-id=\"ee738d4\" data-element_type=\"column\" data-e-type=\"column\">\n\t\t\t<div class=\"elementor-widget-wrap elementor-element-populated\">\n\t\t\t\t\t\t<div class=\"elementor-element elementor-element-f9b3ea9 elementor-widget elementor-widget-image\" data-id=\"f9b3ea9\" data-element_type=\"widget\" data-e-type=\"widget\" data-widget_type=\"image.default\">\n\t\t\t\t<div class=\"elementor-widget-container\">\n\t\t\t\t\t\t\t\t\t\t\t\t\t\t\t<img decoding=\"async\" src=\"https:\/\/desmotspourtoutdire.com\/wp-content\/uploads\/2020\/03\/Groupe.jpg\" title=\"Groupe\" alt=\"Groupe\" loading=\"lazy\" \/>\t\t\t\t\t\t\t\t\t\t\t\t\t\t\t<\/div>\n\t\t\t\t<\/div>\n\t\t\t\t\t<\/div>\n\t\t<\/div>\n\t\t\t\t\t<\/div>\n\t\t<\/section>\n\t\t\t\t<section class=\"elementor-section elementor-top-section elementor-element elementor-element-f5d5927 elementor-section-boxed elementor-section-height-default elementor-section-height-default\" data-id=\"f5d5927\" data-element_type=\"section\" data-e-type=\"section\">\n\t\t\t\t\t\t<div class=\"elementor-container elementor-column-gap-default\">\n\t\t\t\t\t<div class=\"elementor-column elementor-col-100 elementor-top-column elementor-element elementor-element-2518814\" data-id=\"2518814\" data-element_type=\"column\" data-e-type=\"column\">\n\t\t\t<div class=\"elementor-widget-wrap elementor-element-populated\">\n\t\t\t\t\t\t<div class=\"elementor-element elementor-element-ef5a447 elementor-widget-divider--view-line_text elementor-widget-divider--element-align-center elementor-widget elementor-widget-divider\" data-id=\"ef5a447\" data-element_type=\"widget\" data-e-type=\"widget\" data-widget_type=\"divider.default\">\n\t\t\t\t<div class=\"elementor-widget-container\">\n\t\t\t\t\t\t\t<div class=\"elementor-divider\">\n\t\t\t<span class=\"elementor-divider-separator\">\n\t\t\t\t\t\t\t<span class=\"elementor-divider__text elementor-divider__element\">\n\t\t\t\tENTREPRISES\t\t\t\t<\/span>\n\t\t\t\t\t\t<\/span>\n\t\t<\/div>\n\t\t\t\t\t\t<\/div>\n\t\t\t\t<\/div>\n\t\t\t\t\t<\/div>\n\t\t<\/div>\n\t\t\t\t\t<\/div>\n\t\t<\/section>\n\t\t\t\t<section class=\"elementor-section elementor-top-section elementor-element elementor-element-681ef10 elementor-section-boxed elementor-section-height-default elementor-section-height-default\" data-id=\"681ef10\" data-element_type=\"section\" data-e-type=\"section\">\n\t\t\t\t\t\t<div class=\"elementor-container elementor-column-gap-default\">\n\t\t\t\t\t<div class=\"elementor-column elementor-col-100 elementor-top-column elementor-element elementor-element-7ca8b4a\" data-id=\"7ca8b4a\" data-element_type=\"column\" data-e-type=\"column\">\n\t\t\t<div class=\"elementor-widget-wrap elementor-element-populated\">\n\t\t\t\t\t\t<div class=\"elementor-element elementor-element-9cd3327 elementor-widget elementor-widget-text-editor\" data-id=\"9cd3327\" data-element_type=\"widget\" data-e-type=\"widget\" data-widget_type=\"text-editor.default\">\n\t\t\t\t<div class=\"elementor-widget-container\">\n\t\t\t\t\t\t\t\t\t<p><span style=\"color: #000000; font-family: Times New Roman, sans-serif;\"><span style=\"font-size: 21.33333396911621px;\">mOn dit que les \u00e9crans dominent le monde et que l\u2019\u00e9crit est une esp\u00e8ce en voie de\u00a0disparition.\u00a0Pourtant, il est partout : sites, emails, forums, tcha<\/span><span style=\"caret-color: #000000; font-size: 21.33333396911621px;\">ts, messageries instantan\u00e9es&#8230; On n\u2019a pas encore trouv\u00e9 le moyen de remplacer ce bel instrument.<\/span><\/span><br \/><span style=\"color: #000000; font-family: Times New Roman, sans-serif;\"><span style=\"caret-color: #000000; font-size: 21.33333396911621px;\">Mais la capacit\u00e9 \u00e0 sa voir \u00e9crire est devenu une denr\u00e9e rare. L\u2019\u00e9criture \u00e9volue, et il existe de nouveaux codes qui\u00a0n\u2019excluent pas l\u2019exigence, bien au contraire. Faire des\u00a0fautes d\u2019orthographe ou de syntaxe, \u00eatre incapable de r\u00e9diger un projet clairement est tr\u00e8s p\u00e9nalisant. Or il existe des moyens simples d\u2019am\u00e9liorer ses textes.<\/span><\/span><br \/><span style=\"color: #000000; font-family: Times New Roman, sans-serif;\"><span style=\"caret-color: #000000; font-size: 21.33333396911621px;\">Comme la musique, l\u2019\u00e9criture est faite de r\u00e8gles qui constituent son\u00a0solf\u00e8ge. La composer revient \u00e0 concevoir des textes, et une bonne interpr\u00e9tation se traduit par une r\u00e9daction harmonieuse.<\/span><\/span><\/p>\t\t\t\t\t\t\t\t<\/div>\n\t\t\t\t<\/div>\n\t\t\t\t\t<\/div>\n\t\t<\/div>\n\t\t\t\t\t<\/div>\n\t\t<\/section>\n\t\t\t\t<section class=\"elementor-section elementor-top-section elementor-element elementor-element-49a54a8 elementor-section-boxed elementor-section-height-default elementor-section-height-default\" data-id=\"49a54a8\" data-element_type=\"section\" data-e-type=\"section\">\n\t\t\t\t\t\t<div class=\"elementor-container elementor-column-gap-default\">\n\t\t\t\t\t<div class=\"elementor-column elementor-col-100 elementor-top-column elementor-element elementor-element-a1afc29\" data-id=\"a1afc29\" data-element_type=\"column\" data-e-type=\"column\">\n\t\t\t<div class=\"elementor-widget-wrap elementor-element-populated\">\n\t\t\t\t\t\t<div class=\"elementor-element elementor-element-8f045d5 elementor-widget elementor-widget-heading\" data-id=\"8f045d5\" data-element_type=\"widget\" data-e-type=\"widget\" data-widget_type=\"heading.default\">\n\t\t\t\t<div class=\"elementor-widget-container\">\n\t\t\t\t\t<h2 class=\"elementor-heading-title elementor-size-large\"><span class=\"elementor-heading-title elementor-size-default elementor-inline-editing pen\" data-elementor-setting-key=\"title\" data-pen-placeholder=\"\u00c9crivez ici...\" style=\"clear: both;font-size: 2.1em;text-transform: none\">Le solf\u00e8ge : r\u00e9diger sans fausse note<\/span><\/h2>\t\t\t\t<\/div>\n\t\t\t\t<\/div>\n\t\t\t\t<section class=\"elementor-section elementor-inner-section elementor-element elementor-element-b377760 elementor-section-boxed elementor-section-height-default elementor-section-height-default\" data-id=\"b377760\" data-element_type=\"section\" data-e-type=\"section\">\n\t\t\t\t\t\t<div class=\"elementor-container elementor-column-gap-default\">\n\t\t\t\t\t<div class=\"elementor-column elementor-col-50 elementor-inner-column elementor-element elementor-element-3fc7172\" data-id=\"3fc7172\" data-element_type=\"column\" data-e-type=\"column\">\n\t\t\t<div class=\"elementor-widget-wrap elementor-element-populated\">\n\t\t\t\t\t\t<div class=\"elementor-element elementor-element-9490883 elementor-widget elementor-widget-text-editor\" data-id=\"9490883\" data-element_type=\"widget\" data-e-type=\"widget\" data-widget_type=\"text-editor.default\">\n\t\t\t\t<div class=\"elementor-widget-container\">\n\t\t\t\t\t\t\t\t\t<p style=\"text-align: justify;\"><span style=\"caret-color: #000000; color: #000000; font-family: 'Times New Roman', sans-serif; font-size: 21.33333396911621px; text-align: start;\">Les r\u00e8gles de la langue fran\u00e7aise nous poursuivent, parfois sans jamais nous rattraper, depuis l\u2019\u00e2ge de 6 ans. Vous les trouverez repens\u00e9es sur un tempo l\u00e9ger et ludique, et trait\u00e9es en lien avec nos \u00e9crits professionnels.\u00a0Nous r\u00e9viserons quelques classiques et visiterons les pi\u00e8ges les plus courants : mots variables et invariables, adverbes, nombres, mots compos\u00e9s, accords du COD et du participe pass\u00e9.\u00a0Si la conjugaison \u00e9tait une musique, les verbes des 1<\/span><span style=\"line-height: 0; position: relative; vertical-align: baseline; top: -0.5em; caret-color: #000000; color: #000000; font-family: 'Times New Roman', sans-serif; text-align: start;\">er<\/span><span style=\"caret-color: #000000; color: #000000; font-family: 'Times New Roman', sans-serif; font-size: 21.33333396911621px; text-align: start;\">\u00a0et 2<\/span><span style=\"line-height: 0; position: relative; vertical-align: baseline; top: -0.5em; caret-color: #000000; color: #000000; font-family: 'Times New Roman', sans-serif; text-align: start;\">e<\/span><span style=\"caret-color: #000000; color: #000000; font-family: 'Times New Roman', sans-serif; font-size: 21.33333396911621px; text-align: start;\">\u00a0groupes, r\u00e9guliers et structur\u00e9s, rel\u00e8veraient du classique. \u00c0 l\u2019inverse, ceux du 3<\/span><span style=\"line-height: 0; position: relative; vertical-align: baseline; top: -0.5em; caret-color: #000000; color: #000000; font-family: 'Times New Roman', sans-serif; text-align: start;\">e<\/span><span style=\"caret-color: #000000; color: #000000; font-family: 'Times New Roman', sans-serif; font-size: 21.33333396911621px; text-align: start;\">\u00a0groupe se soucient peu des r\u00e8gles\u00a0: ils aiment improviser et jouer en solo. Nous apprendrons \u00e0 composer avec eux.<\/span><\/p>\t\t\t\t\t\t\t\t<\/div>\n\t\t\t\t<\/div>\n\t\t\t\t\t<\/div>\n\t\t<\/div>\n\t\t\t\t<div class=\"elementor-column elementor-col-50 elementor-inner-column elementor-element elementor-element-bebd71e\" data-id=\"bebd71e\" data-element_type=\"column\" data-e-type=\"column\">\n\t\t\t<div class=\"elementor-widget-wrap elementor-element-populated\">\n\t\t\t\t\t\t<div class=\"elementor-element elementor-element-720565b elementor-view-framed elementor-shape-circle elementor-widget elementor-widget-icon\" data-id=\"720565b\" data-element_type=\"widget\" data-e-type=\"widget\" data-widget_type=\"icon.default\">\n\t\t\t\t<div class=\"elementor-widget-container\">\n\t\t\t\t\t\t\t<div class=\"elementor-icon-wrapper\">\n\t\t\t<div class=\"elementor-icon\">\n\t\t\t<i aria-hidden=\"true\" class=\"fas fa-music\"><\/i>\t\t\t<\/div>\n\t\t<\/div>\n\t\t\t\t\t\t<\/div>\n\t\t\t\t<\/div>\n\t\t\t\t\t<\/div>\n\t\t<\/div>\n\t\t\t\t\t<\/div>\n\t\t<\/section>\n\t\t\t\t\t<\/div>\n\t\t<\/div>\n\t\t\t\t\t<\/div>\n\t\t<\/section>\n\t\t\t\t<section class=\"elementor-section elementor-top-section elementor-element elementor-element-2152d6f elementor-hidden-phone elementor-section-boxed elementor-section-height-default elementor-section-height-default\" data-id=\"2152d6f\" data-element_type=\"section\" data-e-type=\"section\" data-settings=\"{&quot;background_background&quot;:&quot;classic&quot;}\">\n\t\t\t\t\t\t<div class=\"elementor-container elementor-column-gap-default\">\n\t\t\t\t\t<div class=\"elementor-column elementor-col-100 elementor-top-column elementor-element elementor-element-2667fd5\" data-id=\"2667fd5\" data-element_type=\"column\" data-e-type=\"column\">\n\t\t\t<div class=\"elementor-widget-wrap elementor-element-populated\">\n\t\t\t\t\t\t<div class=\"elementor-element elementor-element-710c880 elementor-widget elementor-widget-heading\" data-id=\"710c880\" data-element_type=\"widget\" data-e-type=\"widget\" data-widget_type=\"heading.default\">\n\t\t\t\t<div class=\"elementor-widget-container\">\n\t\t\t\t\t<h2 class=\"elementor-heading-title elementor-size-large\"><span class=\"elementor-heading-title elementor-size-default elementor-inline-editing pen\" data-elementor-setting-key=\"title\" data-pen-placeholder=\"\u00c9crivez ici...\" style=\"clear: both;font-size: 2.1em;text-align: left;text-transform: none\">La composition : s\u2019inspirer et orchestrer<\/span><\/h2>\t\t\t\t<\/div>\n\t\t\t\t<\/div>\n\t\t\t\t<section class=\"elementor-section elementor-inner-section elementor-element elementor-element-b2f8e0d elementor-section-boxed elementor-section-height-default elementor-section-height-default\" data-id=\"b2f8e0d\" data-element_type=\"section\" data-e-type=\"section\">\n\t\t\t\t\t\t<div class=\"elementor-container elementor-column-gap-default\">\n\t\t\t\t\t<div class=\"elementor-column elementor-col-50 elementor-inner-column elementor-element elementor-element-35a0af8\" data-id=\"35a0af8\" data-element_type=\"column\" data-e-type=\"column\">\n\t\t\t<div class=\"elementor-widget-wrap elementor-element-populated\">\n\t\t\t\t\t\t<div class=\"elementor-element elementor-element-71ef17f elementor-view-framed elementor-shape-circle elementor-widget elementor-widget-icon\" data-id=\"71ef17f\" data-element_type=\"widget\" data-e-type=\"widget\" data-widget_type=\"icon.default\">\n\t\t\t\t<div class=\"elementor-widget-container\">\n\t\t\t\t\t\t\t<div class=\"elementor-icon-wrapper\">\n\t\t\t<div class=\"elementor-icon\">\n\t\t\t<i aria-hidden=\"true\" class=\"fas fa-pencil-alt\"><\/i>\t\t\t<\/div>\n\t\t<\/div>\n\t\t\t\t\t\t<\/div>\n\t\t\t\t<\/div>\n\t\t\t\t\t<\/div>\n\t\t<\/div>\n\t\t\t\t<div class=\"elementor-column elementor-col-50 elementor-inner-column elementor-element elementor-element-f36b6b8\" data-id=\"f36b6b8\" data-element_type=\"column\" data-e-type=\"column\">\n\t\t\t<div class=\"elementor-widget-wrap elementor-element-populated\">\n\t\t\t\t\t\t<div class=\"elementor-element elementor-element-6fc16a4 elementor-widget elementor-widget-text-editor\" data-id=\"6fc16a4\" data-element_type=\"widget\" data-e-type=\"widget\" data-widget_type=\"text-editor.default\">\n\t\t\t\t<div class=\"elementor-widget-container\">\n\t\t\t\t\t\t\t\t\t<p style=\"text-align: left;\"><span style=\"caret-color: #000000; color: #000000; font-family: 'Times New Roman', sans-serif; font-size: 21px;\">Si on passait un peu plus de temps \u00e0 pr\u00e9parer, on en passerait beaucoup moins \u00e0 r\u00e9diger\u00a0! D\u2019o\u00f9 l\u2019int\u00e9r\u00eat de s\u2019interroger en amont : \u00e0 qui vais-je m\u2019adresser et qu\u2019attend mon interlocuteur ? Quelles id\u00e9es et arguments dois-je d\u00e9velopper ?\u00a0Il faut ensuite organiser ses id\u00e9es et trouver comment les formuler. Puis composer des titres forts pour accrocher le lecteur et retenir son attention.\u00a0La plupart des \u00e9crits sont d\u00e9sormais destin\u00e9s au digital. Devant l\u2019avalanche de ressources, il est essentiel de rendre ses textes vivants, sortir du lot gr\u00e2ce \u00e0 un angle original et savoir les r\u00e9diger, quelle que soit leur forme (article, newsletter, email promotionnel).<\/span><\/p>\t\t\t\t\t\t\t\t<\/div>\n\t\t\t\t<\/div>\n\t\t\t\t\t<\/div>\n\t\t<\/div>\n\t\t\t\t\t<\/div>\n\t\t<\/section>\n\t\t\t\t\t<\/div>\n\t\t<\/div>\n\t\t\t\t\t<\/div>\n\t\t<\/section>\n\t\t\t\t<section class=\"elementor-section elementor-top-section elementor-element elementor-element-7cab13b elementor-section-boxed elementor-section-height-default elementor-section-height-default\" data-id=\"7cab13b\" data-element_type=\"section\" data-e-type=\"section\">\n\t\t\t\t\t\t<div class=\"elementor-container elementor-column-gap-default\">\n\t\t\t\t\t<div class=\"elementor-column elementor-col-100 elementor-top-column elementor-element elementor-element-0150daf\" data-id=\"0150daf\" data-element_type=\"column\" data-e-type=\"column\">\n\t\t\t<div class=\"elementor-widget-wrap elementor-element-populated\">\n\t\t\t\t\t\t<div class=\"elementor-element elementor-element-65f062e elementor-widget elementor-widget-heading\" data-id=\"65f062e\" data-element_type=\"widget\" data-e-type=\"widget\" data-widget_type=\"heading.default\">\n\t\t\t\t<div class=\"elementor-widget-container\">\n\t\t\t\t\t<h2 class=\"elementor-heading-title elementor-size-large\"><span data-elementor-setting-key=\"title\" data-pen-placeholder=\"\u00c9crivez ici...\" style=\"clear: both;font-size: 2.1em;text-transform: none\">L\u2019interpr\u00e9tation : \u00eatre dans le ton des lecteurs et clients<\/span><\/h2>\t\t\t\t<\/div>\n\t\t\t\t<\/div>\n\t\t\t\t<section class=\"elementor-section elementor-inner-section elementor-element elementor-element-80b60a1 elementor-section-boxed elementor-section-height-default elementor-section-height-default\" data-id=\"80b60a1\" data-element_type=\"section\" data-e-type=\"section\">\n\t\t\t\t\t\t<div class=\"elementor-container elementor-column-gap-default\">\n\t\t\t\t\t<div class=\"elementor-column elementor-col-50 elementor-inner-column elementor-element elementor-element-f39cfb4\" data-id=\"f39cfb4\" data-element_type=\"column\" data-e-type=\"column\">\n\t\t\t<div class=\"elementor-widget-wrap elementor-element-populated\">\n\t\t\t\t\t\t<div class=\"elementor-element elementor-element-9cf832c elementor-widget elementor-widget-text-editor\" data-id=\"9cf832c\" data-element_type=\"widget\" data-e-type=\"widget\" data-widget_type=\"text-editor.default\">\n\t\t\t\t<div class=\"elementor-widget-container\">\n\t\t\t\t\t\t\t\t\t<p style=\"text-align: justify;\"><span style=\"caret-color: #000000; color: #000000; font-family: 'Times New Roman', sans-serif; font-size: 21.33333396911621px; text-align: start;\">Les r\u00e8gles de la langue fran\u00e7aise nous poursuivent, parfois sans jamais nous rattraper, depuis l\u2019\u00e2ge de 6 ans. Vous les trouverez repens\u00e9es sur un tempo l\u00e9ger et ludique, et trait\u00e9es en lien avec nos \u00e9crits professionnels.\u00a0Nous r\u00e9viserons quelques classiques et visiterons les pi\u00e8ges les plus courants : mots variables et invariables, adverbes, nombres, mots compos\u00e9s, accords du COD et du participe pass\u00e9.\u00a0Si la conjugaison \u00e9tait une musique, les verbes des 1<\/span><span style=\"line-height: 0; position: relative; vertical-align: baseline; top: -0.5em; caret-color: #000000; color: #000000; font-family: 'Times New Roman', sans-serif; text-align: start;\">er<\/span><span style=\"caret-color: #000000; color: #000000; font-family: 'Times New Roman', sans-serif; font-size: 21.33333396911621px; text-align: start;\">\u00a0et 2<\/span><span style=\"line-height: 0; position: relative; vertical-align: baseline; top: -0.5em; caret-color: #000000; color: #000000; font-family: 'Times New Roman', sans-serif; text-align: start;\">e<\/span><span style=\"caret-color: #000000; color: #000000; font-family: 'Times New Roman', sans-serif; font-size: 21.33333396911621px; text-align: start;\">\u00a0groupes, r\u00e9guliers et structur\u00e9s, rel\u00e8veraient du classique. \u00c0 l\u2019inverse, ceux du 3<\/span><span style=\"line-height: 0; position: relative; vertical-align: baseline; top: -0.5em; caret-color: #000000; color: #000000; font-family: 'Times New Roman', sans-serif; text-align: start;\">e<\/span><span style=\"caret-color: #000000; color: #000000; font-family: 'Times New Roman', sans-serif; font-size: 21.33333396911621px; text-align: start;\">\u00a0groupe se soucient peu des r\u00e8gles\u00a0: ils aiment improviser et jouer en solo. Nous apprendrons \u00e0 composer avec eux.<\/span><\/p>\t\t\t\t\t\t\t\t<\/div>\n\t\t\t\t<\/div>\n\t\t\t\t\t<\/div>\n\t\t<\/div>\n\t\t\t\t<div class=\"elementor-column elementor-col-50 elementor-inner-column elementor-element elementor-element-def36ae\" data-id=\"def36ae\" data-element_type=\"column\" data-e-type=\"column\">\n\t\t\t<div class=\"elementor-widget-wrap elementor-element-populated\">\n\t\t\t\t\t\t<div class=\"elementor-element elementor-element-a3b4c8b elementor-view-framed elementor-shape-circle elementor-widget elementor-widget-icon\" data-id=\"a3b4c8b\" data-element_type=\"widget\" data-e-type=\"widget\" data-widget_type=\"icon.default\">\n\t\t\t\t<div class=\"elementor-widget-container\">\n\t\t\t\t\t\t\t<div class=\"elementor-icon-wrapper\">\n\t\t\t<div class=\"elementor-icon\">\n\t\t\t<i aria-hidden=\"true\" class=\"fas fa-microphone\"><\/i>\t\t\t<\/div>\n\t\t<\/div>\n\t\t\t\t\t\t<\/div>\n\t\t\t\t<\/div>\n\t\t\t\t\t<\/div>\n\t\t<\/div>\n\t\t\t\t\t<\/div>\n\t\t<\/section>\n\t\t\t\t\t<\/div>\n\t\t<\/div>\n\t\t\t\t\t<\/div>\n\t\t<\/section>\n\t\t\t\t<\/div>\n\t\t","protected":false},"excerpt":{"rendered":"<p>ENTREPRISES mOn dit que les \u00e9crans dominent le monde et que l\u2019\u00e9crit est une esp\u00e8ce en voie de\u00a0disparition.\u00a0Pourtant, il est partout : sites, emails, forums, tchats, messageries instantan\u00e9es&#8230; On n\u2019a pas encore trouv\u00e9 le moyen de remplacer ce bel instrument.Mais la capacit\u00e9 \u00e0 sa voir \u00e9crire est devenu une denr\u00e9e rare. L\u2019\u00e9criture \u00e9volue, et il [&hellip;]<\/p>\n","protected":false},"author":1,"featured_media":0,"parent":0,"menu_order":0,"comment_status":"closed","ping_status":"closed","template":"","meta":{"footnotes":""},"class_list":["post-983","page","type-page","status-publish","hentry"],"_links":{"self":[{"href":"https:\/\/desmotspourtoutdire.com\/index.php\/wp-json\/wp\/v2\/pages\/983","targetHints":{"allow":["GET"]}}],"collection":[{"href":"https:\/\/desmotspourtoutdire.com\/index.php\/wp-json\/wp\/v2\/pages"}],"about":[{"href":"https:\/\/desmotspourtoutdire.com\/index.php\/wp-json\/wp\/v2\/types\/page"}],"author":[{"embeddable":true,"href":"https:\/\/desmotspourtoutdire.com\/index.php\/wp-json\/wp\/v2\/users\/1"}],"replies":[{"embeddable":true,"href":"https:\/\/desmotspourtoutdire.com\/index.php\/wp-json\/wp\/v2\/comments?post=983"}],"version-history":[{"count":17,"href":"https:\/\/desmotspourtoutdire.com\/index.php\/wp-json\/wp\/v2\/pages\/983\/revisions"}],"predecessor-version":[{"id":1035,"href":"https:\/\/desmotspourtoutdire.com\/index.php\/wp-json\/wp\/v2\/pages\/983\/revisions\/1035"}],"wp:attachment":[{"href":"https:\/\/desmotspourtoutdire.com\/index.php\/wp-json\/wp\/v2\/media?parent=983"}],"curies":[{"name":"wp","href":"https:\/\/api.w.org\/{rel}","templated":true}]}}