{"id":52,"date":"2020-03-06T18:02:31","date_gmt":"2020-03-06T17:02:31","guid":{"rendered":"http:\/\/svwqpgz.cluster026.hosting.ovh.net\/?page_id=52"},"modified":"2020-09-22T16:09:04","modified_gmt":"2020-09-22T14:09:04","slug":"accueil","status":"publish","type":"page","link":"https:\/\/desmotspourtoutdire.com\/","title":{"rendered":"Accueil"},"content":{"rendered":"\t\t<div data-elementor-type=\"wp-page\" data-elementor-id=\"52\" class=\"elementor elementor-52\">\n\t\t\t\t\t\t<section class=\"elementor-section elementor-top-section elementor-element elementor-element-3dab8e2b elementor-section-height-min-height elementor-section-boxed elementor-section-height-default elementor-section-items-middle\" data-id=\"3dab8e2b\" data-element_type=\"section\" data-e-type=\"section\" data-settings=\"{&quot;background_background&quot;:&quot;classic&quot;}\">\n\t\t\t\t\t\t<div class=\"elementor-container elementor-column-gap-default\">\n\t\t\t\t\t<div class=\"elementor-column elementor-col-100 elementor-top-column elementor-element elementor-element-f7df67f\" data-id=\"f7df67f\" data-element_type=\"column\" data-e-type=\"column\">\n\t\t\t<div class=\"elementor-widget-wrap\">\n\t\t\t\t\t\t\t<\/div>\n\t\t<\/div>\n\t\t\t\t\t<\/div>\n\t\t<\/section>\n\t\t\t\t<section class=\"elementor-section elementor-top-section elementor-element elementor-element-8f8ca63 elementor-section-boxed elementor-section-height-default elementor-section-height-default\" data-id=\"8f8ca63\" data-element_type=\"section\" data-e-type=\"section\">\n\t\t\t\t\t\t<div class=\"elementor-container elementor-column-gap-default\">\n\t\t\t\t\t<div class=\"elementor-column elementor-col-100 elementor-top-column elementor-element elementor-element-c81fc95\" data-id=\"c81fc95\" data-element_type=\"column\" data-e-type=\"column\">\n\t\t\t<div class=\"elementor-widget-wrap elementor-element-populated\">\n\t\t\t\t\t\t<div class=\"elementor-element elementor-element-fececd5 elementor-widget elementor-widget-spacer\" data-id=\"fececd5\" data-element_type=\"widget\" data-e-type=\"widget\" data-widget_type=\"spacer.default\">\n\t\t\t\t<div class=\"elementor-widget-container\">\n\t\t\t\t\t\t\t<div class=\"elementor-spacer\">\n\t\t\t<div class=\"elementor-spacer-inner\"><\/div>\n\t\t<\/div>\n\t\t\t\t\t\t<\/div>\n\t\t\t\t<\/div>\n\t\t\t\t<div class=\"elementor-element elementor-element-9029c64 elementor-widget elementor-widget-heading\" data-id=\"9029c64\" data-element_type=\"widget\" data-e-type=\"widget\" data-widget_type=\"heading.default\">\n\t\t\t\t<div class=\"elementor-widget-container\">\n\t\t\t\t\t<h2 class=\"elementor-heading-title elementor-size-large\">\u00e9crire...<\/h2>\t\t\t\t<\/div>\n\t\t\t\t<\/div>\n\t\t\t\t\t<\/div>\n\t\t<\/div>\n\t\t\t\t\t<\/div>\n\t\t<\/section>\n\t\t\t\t<section class=\"elementor-section elementor-top-section elementor-element elementor-element-bf28b6c elementor-section-boxed elementor-section-height-default elementor-section-height-default\" data-id=\"bf28b6c\" data-element_type=\"section\" data-e-type=\"section\">\n\t\t\t\t\t\t<div class=\"elementor-container elementor-column-gap-default\">\n\t\t\t\t\t<div class=\"elementor-column elementor-col-100 elementor-top-column elementor-element elementor-element-6cc62e3\" data-id=\"6cc62e3\" data-element_type=\"column\" data-e-type=\"column\">\n\t\t\t<div class=\"elementor-widget-wrap elementor-element-populated\">\n\t\t\t\t\t\t<div class=\"elementor-element elementor-element-4b9bfd4 elementor-widget elementor-widget-text-editor\" data-id=\"4b9bfd4\" data-element_type=\"widget\" data-e-type=\"widget\" data-widget_type=\"text-editor.default\">\n\t\t\t\t<div class=\"elementor-widget-container\">\n\t\t\t\t\t\t\t\t\t<p style=\"text-align: justify;\"><span style=\"color: #293133; font-family: times new roman, times, serif; font-size: 16pt;\">Pour certains, c\u2019est un r\u00eave ; pour d\u2019autres, un besoin ou une simple envie.\u00a0<\/span><br \/><br \/><span style=\"color: #293133; font-family: times new roman, times, serif; font-size: 16pt;\">Pour d\u2019autres encore, c\u2019est une n\u00e9cessit\u00e9, car leur faiblesse \u00e0 l\u2019\u00e9crit les p\u00e9nalise dans leur vie professionnelle.<\/span><br \/><br \/><span style=\"color: #293133; font-family: times new roman, times, serif; font-size: 16pt;\">Parce qu\u2019on n\u2019ose pas toujours.<\/span><br \/><span style=\"color: #293133; font-family: times new roman, times, serif; font-size: 16pt;\">Parce que seul, c\u2019est difficile\u2026 Qu\u2019il nous manque l\u2019\u00e9nergie, la discipline, l\u2019espace ou les \u00e9changes n\u00e9cessaires.\u00a0<\/span><br \/><span style=\"color: #293133; font-family: times new roman, times, serif; font-size: 16pt;\">Et qu\u2019on avance mieux avec du soutien.\u00a0\u00a0<\/span><br \/><span style=\"color: #293133; font-family: times new roman, times, serif; font-size: 16pt;\">Parce que les complexes et les id\u00e9es re\u00e7ues nous freinent souvent.\u00a0<\/span><br \/><br \/><span style=\"color: #293133; font-family: times new roman, times, serif; font-size: 16pt;\">Pour que les mots et les phrases qui nous traversent\u00a0ne nous \u00e9chappent plus.\u00a0<\/span><br \/><span style=\"color: #293133; font-family: times new roman, times, serif; font-size: 16pt;\">Pour que les souvenirs et les \u00e9pisodes qui\u00a0nous habitent servent enfin.<\/span><br \/><span style=\"color: #293133; font-family: times new roman, times, serif; font-size: 16pt;\">Pour que l\u2019\u00e9criture soit avant tout un plaisir\u2026\u00a0<\/span><br \/><span style=\"color: #293133; font-family: times new roman, times, serif; font-size: 16pt;\">J\u2019organise des ateliers d\u2019\u00e9criture \u00e0 Paris, en petits groupes ou en t\u00eate-\u00e0-t\u00eate, pour se retrouver autour d\u2019une table, <\/span><br \/><span style=\"color: #293133;\"><span style=\"font-family: times new roman, times, serif; font-size: 16pt;\">explorer et avancer ensemble sur les chemins de l\u2019\u00e9criture.<\/span>\u00a0<\/span><\/p>\t\t\t\t\t\t\t\t<\/div>\n\t\t\t\t<\/div>\n\t\t\t\t\t<\/div>\n\t\t<\/div>\n\t\t\t\t\t<\/div>\n\t\t<\/section>\n\t\t\t\t<section class=\"elementor-section elementor-top-section elementor-element elementor-element-934c7b5 elementor-section-boxed elementor-section-height-default elementor-section-height-default\" data-id=\"934c7b5\" data-element_type=\"section\" data-e-type=\"section\">\n\t\t\t\t\t\t<div class=\"elementor-container elementor-column-gap-default\">\n\t\t\t\t\t<div class=\"elementor-column elementor-col-100 elementor-top-column elementor-element elementor-element-6fd8330\" data-id=\"6fd8330\" data-element_type=\"column\" data-e-type=\"column\">\n\t\t\t<div class=\"elementor-widget-wrap elementor-element-populated\">\n\t\t\t\t\t\t<div class=\"elementor-element elementor-element-0c146fd elementor-widget elementor-widget-spacer\" data-id=\"0c146fd\" data-element_type=\"widget\" data-e-type=\"widget\" data-widget_type=\"spacer.default\">\n\t\t\t\t<div class=\"elementor-widget-container\">\n\t\t\t\t\t\t\t<div class=\"elementor-spacer\">\n\t\t\t<div class=\"elementor-spacer-inner\"><\/div>\n\t\t<\/div>\n\t\t\t\t\t\t<\/div>\n\t\t\t\t<\/div>\n\t\t\t\t\t<\/div>\n\t\t<\/div>\n\t\t\t\t\t<\/div>\n\t\t<\/section>\n\t\t\t\t<section class=\"elementor-section elementor-top-section elementor-element elementor-element-0fa68a5 elementor-section-boxed elementor-section-height-default elementor-section-height-default\" data-id=\"0fa68a5\" data-element_type=\"section\" data-e-type=\"section\">\n\t\t\t\t\t\t<div class=\"elementor-container elementor-column-gap-default\">\n\t\t\t\t\t<div class=\"elementor-column elementor-col-100 elementor-top-column elementor-element elementor-element-5490f1b\" data-id=\"5490f1b\" data-element_type=\"column\" data-e-type=\"column\">\n\t\t\t<div class=\"elementor-widget-wrap elementor-element-populated\">\n\t\t\t\t\t\t<div class=\"elementor-element elementor-element-d3955ec elementor-widget elementor-widget-heading\" data-id=\"d3955ec\" data-element_type=\"widget\" data-e-type=\"widget\" data-widget_type=\"heading.default\">\n\t\t\t\t<div class=\"elementor-widget-container\">\n\t\t\t\t\t<h2 class=\"elementor-heading-title elementor-size-large\">Un atelier d'\u00e9criture, c'est...<\/h2>\t\t\t\t<\/div>\n\t\t\t\t<\/div>\n\t\t\t\t\t<\/div>\n\t\t<\/div>\n\t\t\t\t\t<\/div>\n\t\t<\/section>\n\t\t\t\t<section class=\"elementor-section elementor-top-section elementor-element elementor-element-6de0fee elementor-section-boxed elementor-section-height-default elementor-section-height-default\" data-id=\"6de0fee\" data-element_type=\"section\" data-e-type=\"section\">\n\t\t\t\t\t\t<div class=\"elementor-container elementor-column-gap-default\">\n\t\t\t\t\t<div class=\"elementor-column elementor-col-100 elementor-top-column elementor-element elementor-element-5dedc90\" data-id=\"5dedc90\" data-element_type=\"column\" data-e-type=\"column\">\n\t\t\t<div class=\"elementor-widget-wrap elementor-element-populated\">\n\t\t\t\t\t\t<div class=\"elementor-element elementor-element-b7b6f4e elementor-widget elementor-widget-text-editor\" data-id=\"b7b6f4e\" data-element_type=\"widget\" data-e-type=\"widget\" data-widget_type=\"text-editor.default\">\n\t\t\t\t<div class=\"elementor-widget-container\">\n\t\t\t\t\t\t\t\t\t<p style=\"text-align: justify;\"><span style=\"color: #293133; font-family: times new roman, times, serif; font-size: 16pt;\">Un endroit o\u00f9 plusieurs personnes se r\u00e9unissent pour partager leur go\u00fbt de l\u2019\u00e9criture, ou combler leurs lacunes.\u00a0<\/span><br \/><br \/><span style=\"color: #293133; font-family: times new roman, times, serif; font-size: 16pt;\">\u00c0 titre individuel, \u00a0l\u2019atelier consiste \u00e0 exp\u00e9rimenter\u00a0diff\u00e9rentes techniques qui stimulent la cr\u00e9ativit\u00e9 et l\u2019imaginaire,\u00a0afin que chacun se sente de plus en plus \u00e0 l\u2019aise en \u00e9crivant. <\/span><br \/><br \/><span style=\"color: #293133; font-family: times new roman, times, serif; font-size: 16pt;\">Dans le cadre d\u2019une entreprise, nous r\u00e9visons les fondamentaux gr\u00e2ce \u00e0 des exercices ludiques, pour que les participants se d\u00e9barrassent de leurs fautes ou maladresses r\u00e9currentes, et apprennent sans effort \u00e0 r\u00e9diger de fa\u00e7on fluide et claire.<\/span><br \/><br \/><span style=\"color: #293133; font-family: times new roman, times, serif; font-size: 16pt;\">Dans un cas comme dans l\u2019autre, aucune connaissance n\u2019est requise, aucun niveau n\u2019est attendu.<\/span><br \/><br \/><br \/><\/p>\t\t\t\t\t\t\t\t<\/div>\n\t\t\t\t<\/div>\n\t\t\t\t\t<\/div>\n\t\t<\/div>\n\t\t\t\t\t<\/div>\n\t\t<\/section>\n\t\t\t\t<\/div>\n\t\t","protected":false},"excerpt":{"rendered":"<p>\u00e9crire&#8230; Pour certains, c\u2019est un r\u00eave ; pour d\u2019autres, un besoin ou une simple envie.\u00a0 Pour d\u2019autres encore, c\u2019est une n\u00e9cessit\u00e9, car leur faiblesse \u00e0 l\u2019\u00e9crit les p\u00e9nalise dans leur vie professionnelle. Parce qu\u2019on n\u2019ose pas toujours.Parce que seul, c\u2019est difficile\u2026 Qu\u2019il nous manque l\u2019\u00e9nergie, la discipline, l\u2019espace ou les \u00e9changes n\u00e9cessaires.\u00a0Et qu\u2019on avance mieux [&hellip;]<\/p>\n","protected":false},"author":1,"featured_media":0,"parent":0,"menu_order":0,"comment_status":"closed","ping_status":"closed","template":"","meta":{"footnotes":""},"class_list":["post-52","page","type-page","status-publish","hentry"],"_links":{"self":[{"href":"https:\/\/desmotspourtoutdire.com\/index.php\/wp-json\/wp\/v2\/pages\/52","targetHints":{"allow":["GET"]}}],"collection":[{"href":"https:\/\/desmotspourtoutdire.com\/index.php\/wp-json\/wp\/v2\/pages"}],"about":[{"href":"https:\/\/desmotspourtoutdire.com\/index.php\/wp-json\/wp\/v2\/types\/page"}],"author":[{"embeddable":true,"href":"https:\/\/desmotspourtoutdire.com\/index.php\/wp-json\/wp\/v2\/users\/1"}],"replies":[{"embeddable":true,"href":"https:\/\/desmotspourtoutdire.com\/index.php\/wp-json\/wp\/v2\/comments?post=52"}],"version-history":[{"count":72,"href":"https:\/\/desmotspourtoutdire.com\/index.php\/wp-json\/wp\/v2\/pages\/52\/revisions"}],"predecessor-version":[{"id":1027,"href":"https:\/\/desmotspourtoutdire.com\/index.php\/wp-json\/wp\/v2\/pages\/52\/revisions\/1027"}],"wp:attachment":[{"href":"https:\/\/desmotspourtoutdire.com\/index.php\/wp-json\/wp\/v2\/media?parent=52"}],"curies":[{"name":"wp","href":"https:\/\/api.w.org\/{rel}","templated":true}]}}